{"id":85,"date":"2023-09-13T06:10:19","date_gmt":"2023-09-13T06:10:19","guid":{"rendered":"http:\/\/myleveltest.kinsta.cloud\/?page_id=85"},"modified":"2023-10-19T09:28:43","modified_gmt":"2023-10-19T09:28:43","slug":"privacy-policy","status":"publish","type":"page","link":"http:\/\/sandbox.myleveltest.com\/es\/politica-de-privacidad-2\/","title":{"rendered":"pol\u00edtica de privacidad"},"content":{"rendered":"<p><strong>1. Protecci\u00f3n de datos<\/strong><\/p>\n\n\n\n<p>Cumplimos con los principios de la Ley de Protecci\u00f3n de Datos de 2018 (<a href=\"https:\/\/www.gov.uk\/data-protection#:~:text=The%20Data%20Protection%20Act%202018%20is%20the%20UK's%20implementation%20of,used%20fairly%2C%20lawfully%20and%20transparently\">RGPD del Reino Unido<\/a>) y el Reglamento General de Protecci\u00f3n de Datos (GDPR) cuando se trata de todos los datos recibidos de clientes o visitantes de nuestro sitio web.<\/p>\n\n\n\n<p><strong>2. Nuestros servicios<\/strong><\/p>\n\n\n\n<p>S\u00f3lo conservamos los datos necesarios para ofrecer los servicios prestados en nuestro sitio web. No solicitamos ni utilizamos m\u00e1s datos de los necesarios para brindarle un servicio adecuado. Esto significa que solo procesamos y conservamos datos relacionados con compras y soporte posterior relacionado con esas compras, de acuerdo con el Art\u00edculo 6(1)(b) del Reglamento General de Protecci\u00f3n de Datos (GDPR). Cualquier tratamiento de sus datos se realiza \u00fanicamente para prestar o realizar los servicios o productos que ha adquirido.<\/p>\n\n\n\n<p><strong>3. Registro de Protecci\u00f3n de Datos<\/strong><\/p>\n\n\n\n<p>Los datos s\u00f3lo se utilizan para los fines descritos en nuestra inscripci\u00f3n en el Registro de Protecci\u00f3n de Datos.<\/p>\n\n\n\n<p><strong>4. Per\u00edodo requerido<\/strong><\/p>\n\n\n\n<p>Solo conservamos datos personales durante el tiempo necesario. Una vez que los datos ya no son necesarios, los eliminamos.<\/p>\n\n\n\n<p><strong>5. Datos de procesamiento de pagos y tarjetas<\/strong><\/p>\n\n\n\n<p>Utilizamos proveedores de pago externos acreditados, espec\u00edficamente <a href=\"https:\/\/support.stripe.com\/questions\/business-information-requirements-to-use-stripe?locale=en-GB#:~:text=Stripe%20must%20verify%20business%20identification,regulators%20in%20order%20to%20transact.\">Raya<\/a> y PayPal, para gestionar y procesar de forma segura los datos de tarjetas y pagos. En ning\u00fan momento tenemos acceso ni almacenamos ninguno de los datos de su tarjeta o pago. Seg\u00fan las disposiciones del art\u00edculo 6 (1) (b) del Reglamento general de protecci\u00f3n de datos (GDPR), cualquier dato que manejamos es \u00fanicamente con el fin de ejecutar de forma segura su compra. Adem\u00e1s, de conformidad con el art\u00edculo 6(1)(c) del Reglamento general de protecci\u00f3n de datos (GDPR), estamos obligados a conservar los datos pertinentes a todas las transacciones para cumplir con nuestras responsabilidades legales en materia de contabilidad de impuestos e IVA en cada transacci\u00f3n.<\/p>\n\n\n\n<p><strong>6. Copia de seguridad y almacenamiento de datos<\/strong><\/p>\n\n\n\n<p>Por motivos administrativos, los datos del cliente y los datos de suscripci\u00f3n por correo electr\u00f3nico pueden transmitirse y almacenarse de forma segura en proveedores de servicios externos ubicados fuera del Reino Unido o el EEE (Espacio Econ\u00f3mico Europeo). Esto se hace para realizar una copia de seguridad y preservar sus datos cuando sea necesario para continuar ofreci\u00e9ndole un servicio.<\/p>\n\n\n\n<p><strong>7. Solicitudes de datos y derecho de supresi\u00f3n<\/strong><\/p>\n\n\n\n<p>Como cliente, puede en cualquier momento (y de forma gratuita) solicitar detalles de los datos que tenemos relacionados con usted, y tambi\u00e9n puede solicitar que dichos datos se modifiquen o eliminen, el derecho de eliminaci\u00f3n (el derecho al olvido) . Tenga en cuenta que si solicita la eliminaci\u00f3n de sus datos, esto puede impedirnos ofrecer m\u00e1s asistencia relacionada con sus compras anteriores o los servicios anteriores que le ofrecimos.<\/p>\n\n\n\n<p><strong>8. Actualizaciones por correo electr\u00f3nico<\/strong><\/p>\n\n\n\n<p>Enviamos peri\u00f3dicamente por correo electr\u00f3nico noticias del sitio web y actualizaciones de informaci\u00f3n a aquellos clientes que se han suscrito espec\u00edficamente a nuestro servicio de correo electr\u00f3nico. Todos los correos electr\u00f3nicos de suscripci\u00f3n que enviamos contienen informaci\u00f3n clara sobre c\u00f3mo darse de baja de nuestro servicio de correo electr\u00f3nico. Nuestro servicio de correo electr\u00f3nico es \u00fanicamente un servicio de suscripci\u00f3n voluntaria; con su consentimiento previo requerido de conformidad con el art\u00edculo 6(1)(a) del Reglamento General de Protecci\u00f3n de Datos (GDPR). Esto significa que para suscribirse debe ingresar sus datos en la p\u00e1gina de suscripci\u00f3n por correo electr\u00f3nico y envi\u00e1rnoslos.<\/p>\n\n\n\n<p><strong>9. Nuestra promesa<\/strong><\/p>\n\n\n\n<p>Nunca vendemos alquiler ni intercambiamos listas de correo.<\/p>\n\n\n\n<p><strong>10. Intercambio de datos con socios<\/strong><\/p>\n\n\n\n<p>No compartimos datos comerciales o t\u00e9cnicos con nuestros socios a menos que hayamos buscado y obtenido espec\u00edficamente su aprobaci\u00f3n previa. Cuando solicitamos dicha aprobaci\u00f3n, siempre divulgaremos completamente los detalles de nuestros socios y c\u00f3mo se utilizan sus datos; consulte el Anexo de esta pol\u00edtica para obtener m\u00e1s detalles. Tenga en cuenta que incluso cuando contamos con su consentimiento espec\u00edfico, solo compartimos datos con socios que operan su propia pol\u00edtica de privacidad en total conformidad con la <a href=\"https:\/\/www.gov.uk\/data-protection#:~:text=The%20Data%20Protection%20Act%202018%20is%20the%20UK's%20implementation%20of,used%20fairly%2C%20lawfully%20and%20transparently\">Ley de Protecci\u00f3n de Datos de 2018 (RGPD del Reino Unido)<\/a> y el Reglamento General de Protecci\u00f3n de Datos (GDPR).<\/p>\n\n\n\n<p><strong>11. Correo no deseado<\/strong><\/p>\n\n\n\n<p>De acuerdo con el <a href=\"https:\/\/www.legislation.gov.uk\/uksi\/2003\/2426\/contents\/made\">Reglamento de privacidad y comunicaciones electr\u00f3nicas (Directiva CE) de 2003<\/a>, nunca enviamos correos electr\u00f3nicos masivos no solicitados (conocidos popularmente como spam) a direcciones de correo electr\u00f3nico.<\/p>\n\n\n\n<p><strong>12.<\/strong> <strong>Actualizaciones de Producto<\/strong><\/p>\n\n\n\n<p>Podemos enviar correos electr\u00f3nicos a clientes existentes o clientes potenciales que hayan consultado o se hayan registrado con nosotros, en relaci\u00f3n con productos o servicios proporcionados directamente por nosotros.<\/p>\n\n\n\n<p><strong>13. Contenido del correo electr\u00f3nico<\/strong><\/p>\n\n\n\n<p>Todos los correos electr\u00f3nicos enviados por nosotros estar\u00e1n claramente marcados como provenientes de nosotros. Todos estos correos electr\u00f3nicos tambi\u00e9n incluir\u00e1n instrucciones claras sobre c\u00f3mo darse de baja de nuestro servicio de correo electr\u00f3nico y de cualquier correo electr\u00f3nico futuro. Dichas instrucciones incluir\u00e1n un enlace a una p\u00e1gina para cancelar la suscripci\u00f3n o una direcci\u00f3n de correo electr\u00f3nico v\u00e1lida a la que deber\u00e1 responder, con &quot;cancelar suscripci\u00f3n&quot; como encabezado del correo electr\u00f3nico.<\/p>\n\n\n\n<p><strong>14. Galletas<\/strong><\/p>\n\n\n\n<p>Nuestro sitio web utiliza &quot;cookies&quot; para rastrear el uso y permitir a los clientes comprar en nuestro sitio web. Tenga en cuenta que estas cookies no contienen ni transmiten ninguna informaci\u00f3n personal, confidencial o financiera ni ninguna otra informaci\u00f3n que pueda usarse para identificar visitantes o clientes individuales que compren en nuestro sitio web. Tenga en cuenta que usted es libre de rechazar las cookies. Sin embargo, por razones puramente t\u00e9cnicas esto puede impedirle comprar en nuestro sitio web. Esto se debe a que las cookies an\u00f3nimas se utilizan habitualmente para realizar un seguimiento del contenido de las cestas o carritos de la compra de los clientes durante el proceso de pago. Esta funci\u00f3n garantiza que los art\u00edculos agregados (o eliminados) de su cesta se indiquen con precisi\u00f3n cuando vaya a pagar.<\/p>\n\n\n\n<p><strong>15. Cont\u00e1ctenos<\/strong><\/p>\n\n\n\n<p>Si tiene alguna pregunta relacionada con nuestra Pol\u00edtica de privacidad o desea comunicarse con nosotros con respecto a los datos que tenemos relacionados con usted, env\u00edenos un correo electr\u00f3nico a [privacy@myleveltest.com]<\/p>","protected":false},"excerpt":{"rendered":"<p>1. Data Protection We comply with the principles of the Data Protection Act 2018 (UK GDPR) and the General Data Protection Regulation (GDPR) when dealing with all data received from customers or visitors to our website. 2. Our Services We only hold the data necessary to offer services provided on our website. We do not [&hellip;]<\/p>","protected":false},"author":1,"featured_media":0,"parent":0,"menu_order":0,"comment_status":"closed","ping_status":"closed","template":"","meta":{"footnotes":""},"acf":[],"yoast_head":"<!-- This site is optimized with the Yoast SEO Premium plugin v21.5 (Yoast SEO v21.5) - https:\/\/yoast.com\/wordpress\/plugins\/seo\/ -->\n<title>Privacy Policy | My Level Test<\/title>\n<meta name=\"description\" content=\"We protect your privacy while exploring our services\" \/>\n<meta name=\"robots\" content=\"index, follow, max-snippet:-1, max-image-preview:large, max-video-preview:-1\" \/>\n<link rel=\"canonical\" href=\"http:\/\/sandbox.myleveltest.com\/es\/politica-de-privacidad-2\/\" \/>\n<meta property=\"og:locale\" content=\"es_ES\" \/>\n<meta property=\"og:type\" content=\"article\" \/>\n<meta property=\"og:title\" content=\"Privacy Policy\" \/>\n<meta property=\"og:description\" content=\"We protect your privacy while exploring our services\" \/>\n<meta property=\"og:url\" content=\"http:\/\/sandbox.myleveltest.com\/es\/politica-de-privacidad-2\/\" \/>\n<meta property=\"og:site_name\" content=\"My Level Test\" \/>\n<meta property=\"article:modified_time\" content=\"2023-10-19T09:28:43+00:00\" \/>\n<meta property=\"og:image\" content=\"https:\/\/sandbox.myleveltest.com\/wp-content\/uploads\/2023\/10\/My-Level-Test-scaled.jpg\" \/>\n\t<meta property=\"og:image:width\" content=\"2560\" \/>\n\t<meta property=\"og:image:height\" content=\"1440\" \/>\n\t<meta property=\"og:image:type\" content=\"image\/jpeg\" \/>\n<meta name=\"twitter:card\" content=\"summary_large_image\" \/>\n<script type=\"application\/ld+json\" class=\"yoast-schema-graph\">{\"@context\":\"https:\/\/schema.org\",\"@graph\":[{\"@type\":\"WebPage\",\"@id\":\"https:\/\/sandbox.myleveltest.com\/privacy-policy\/\",\"url\":\"https:\/\/sandbox.myleveltest.com\/privacy-policy\/\",\"name\":\"Privacy Policy | My Level Test\",\"isPartOf\":{\"@id\":\"https:\/\/sandbox.myleveltest.com\/#website\"},\"datePublished\":\"2023-09-13T06:10:19+00:00\",\"dateModified\":\"2023-10-19T09:28:43+00:00\",\"description\":\"We protect your privacy while exploring our services\",\"breadcrumb\":{\"@id\":\"https:\/\/sandbox.myleveltest.com\/privacy-policy\/#breadcrumb\"},\"inLanguage\":\"es\",\"potentialAction\":[{\"@type\":\"ReadAction\",\"target\":[\"https:\/\/sandbox.myleveltest.com\/privacy-policy\/\"]}]},{\"@type\":\"BreadcrumbList\",\"@id\":\"https:\/\/sandbox.myleveltest.com\/privacy-policy\/#breadcrumb\",\"itemListElement\":[{\"@type\":\"ListItem\",\"position\":1,\"name\":\"Home\",\"item\":\"https:\/\/sandbox.myleveltest.com\/\"},{\"@type\":\"ListItem\",\"position\":2,\"name\":\"Privacy Policy\"}]},{\"@type\":\"WebSite\",\"@id\":\"https:\/\/sandbox.myleveltest.com\/#website\",\"url\":\"https:\/\/sandbox.myleveltest.com\/\",\"name\":\"My Level Test\",\"description\":\"Online English Language Level Test\",\"publisher\":{\"@id\":\"https:\/\/sandbox.myleveltest.com\/#organization\"},\"alternateName\":\"MLT\",\"potentialAction\":[{\"@type\":\"SearchAction\",\"target\":{\"@type\":\"EntryPoint\",\"urlTemplate\":\"https:\/\/sandbox.myleveltest.com\/?s={search_term_string}\"},\"query-input\":\"required name=search_term_string\"}],\"inLanguage\":\"es\"},{\"@type\":\"Organization\",\"@id\":\"https:\/\/sandbox.myleveltest.com\/#organization\",\"name\":\"My Level Test\",\"alternateName\":\"MLT\",\"url\":\"https:\/\/sandbox.myleveltest.com\/\",\"logo\":{\"@type\":\"ImageObject\",\"inLanguage\":\"es\",\"@id\":\"https:\/\/sandbox.myleveltest.com\/#\/schema\/logo\/image\/\",\"url\":\"https:\/\/myleveltest.com\/wp-content\/uploads\/2023\/10\/My-Level-Test-scaled.jpg\",\"contentUrl\":\"https:\/\/myleveltest.com\/wp-content\/uploads\/2023\/10\/My-Level-Test-scaled.jpg\",\"width\":2560,\"height\":1440,\"caption\":\"My Level Test\"},\"image\":{\"@id\":\"https:\/\/sandbox.myleveltest.com\/#\/schema\/logo\/image\/\"},\"actionableFeedbackPolicy\":\"https:\/\/sandbox.myleveltest.com\/terms-of-use\/\",\"correctionsPolicy\":\"https:\/\/sandbox.myleveltest.com\/terms-of-use\/\",\"ethicsPolicy\":\"https:\/\/sandbox.myleveltest.com\/privacy-policy\/\",\"diversityPolicy\":\"https:\/\/sandbox.myleveltest.com\/terms-of-use\/\"}]}<\/script>\n<!-- \/ Yoast SEO Premium plugin. -->","yoast_head_json":{"title":"Privacy Policy | My Level Test","description":"We protect your privacy while exploring our services","robots":{"index":"index","follow":"follow","max-snippet":"max-snippet:-1","max-image-preview":"max-image-preview:large","max-video-preview":"max-video-preview:-1"},"canonical":"http:\/\/sandbox.myleveltest.com\/es\/politica-de-privacidad-2\/","og_locale":"es_ES","og_type":"article","og_title":"Privacy Policy","og_description":"We protect your privacy while exploring our services","og_url":"http:\/\/sandbox.myleveltest.com\/es\/politica-de-privacidad-2\/","og_site_name":"My Level Test","article_modified_time":"2023-10-19T09:28:43+00:00","og_image":[{"width":2560,"height":1440,"url":"https:\/\/sandbox.myleveltest.com\/wp-content\/uploads\/2023\/10\/My-Level-Test-scaled.jpg","type":"image\/jpeg"}],"twitter_card":"summary_large_image","schema":{"@context":"https:\/\/schema.org","@graph":[{"@type":"WebPage","@id":"https:\/\/sandbox.myleveltest.com\/privacy-policy\/","url":"https:\/\/sandbox.myleveltest.com\/privacy-policy\/","name":"Privacy Policy | My Level Test","isPartOf":{"@id":"https:\/\/sandbox.myleveltest.com\/#website"},"datePublished":"2023-09-13T06:10:19+00:00","dateModified":"2023-10-19T09:28:43+00:00","description":"We protect your privacy while exploring our services","breadcrumb":{"@id":"https:\/\/sandbox.myleveltest.com\/privacy-policy\/#breadcrumb"},"inLanguage":"es","potentialAction":[{"@type":"ReadAction","target":["https:\/\/sandbox.myleveltest.com\/privacy-policy\/"]}]},{"@type":"BreadcrumbList","@id":"https:\/\/sandbox.myleveltest.com\/privacy-policy\/#breadcrumb","itemListElement":[{"@type":"ListItem","position":1,"name":"Home","item":"https:\/\/sandbox.myleveltest.com\/"},{"@type":"ListItem","position":2,"name":"Privacy Policy"}]},{"@type":"WebSite","@id":"https:\/\/sandbox.myleveltest.com\/#website","url":"https:\/\/sandbox.myleveltest.com\/","name":"My Level Test","description":"Online English Language Level Test","publisher":{"@id":"https:\/\/sandbox.myleveltest.com\/#organization"},"alternateName":"MLT","potentialAction":[{"@type":"SearchAction","target":{"@type":"EntryPoint","urlTemplate":"https:\/\/sandbox.myleveltest.com\/?s={search_term_string}"},"query-input":"required name=search_term_string"}],"inLanguage":"es"},{"@type":"Organization","@id":"https:\/\/sandbox.myleveltest.com\/#organization","name":"My Level Test","alternateName":"MLT","url":"https:\/\/sandbox.myleveltest.com\/","logo":{"@type":"ImageObject","inLanguage":"es","@id":"https:\/\/sandbox.myleveltest.com\/#\/schema\/logo\/image\/","url":"https:\/\/myleveltest.com\/wp-content\/uploads\/2023\/10\/My-Level-Test-scaled.jpg","contentUrl":"https:\/\/myleveltest.com\/wp-content\/uploads\/2023\/10\/My-Level-Test-scaled.jpg","width":2560,"height":1440,"caption":"My Level Test"},"image":{"@id":"https:\/\/sandbox.myleveltest.com\/#\/schema\/logo\/image\/"},"actionableFeedbackPolicy":"https:\/\/sandbox.myleveltest.com\/terms-of-use\/","correctionsPolicy":"https:\/\/sandbox.myleveltest.com\/terms-of-use\/","ethicsPolicy":"https:\/\/sandbox.myleveltest.com\/privacy-policy\/","diversityPolicy":"https:\/\/sandbox.myleveltest.com\/terms-of-use\/"}]}},"_links":{"self":[{"href":"http:\/\/sandbox.myleveltest.com\/es\/wp-json\/wp\/v2\/pages\/85"}],"collection":[{"href":"http:\/\/sandbox.myleveltest.com\/es\/wp-json\/wp\/v2\/pages"}],"about":[{"href":"http:\/\/sandbox.myleveltest.com\/es\/wp-json\/wp\/v2\/types\/page"}],"author":[{"embeddable":true,"href":"http:\/\/sandbox.myleveltest.com\/es\/wp-json\/wp\/v2\/users\/1"}],"replies":[{"embeddable":true,"href":"http:\/\/sandbox.myleveltest.com\/es\/wp-json\/wp\/v2\/comments?post=85"}],"version-history":[{"count":3,"href":"http:\/\/sandbox.myleveltest.com\/es\/wp-json\/wp\/v2\/pages\/85\/revisions"}],"predecessor-version":[{"id":432,"href":"http:\/\/sandbox.myleveltest.com\/es\/wp-json\/wp\/v2\/pages\/85\/revisions\/432"}],"wp:attachment":[{"href":"http:\/\/sandbox.myleveltest.com\/es\/wp-json\/wp\/v2\/media?parent=85"}],"curies":[{"name":"wp","href":"https:\/\/api.w.org\/{rel}","templated":true}]}}