{"id":85,"date":"2023-09-13T06:10:19","date_gmt":"2023-09-13T06:10:19","guid":{"rendered":"http:\/\/myleveltest.kinsta.cloud\/?page_id=85"},"modified":"2023-10-19T09:28:43","modified_gmt":"2023-10-19T09:28:43","slug":"privacy-policy","status":"publish","type":"page","link":"http:\/\/sandbox.myleveltest.com\/tr\/gizlilik-politikasi\/","title":{"rendered":"Gizlilik Politikas\u0131"},"content":{"rendered":"<p><strong>1. Veri Koruma<\/strong><\/p>\n\n\n\n<p>Veri Koruma Yasas\u0131 2018&#039;in ilkelerine uyuyoruz (<a href=\"https:\/\/www.gov.uk\/data-protection#:~:text=The%20Data%20Protection%20Act%202018%20is%20the%20UK's%20implementation%20of,used%20fairly%2C%20lawfully%20and%20transparently\">Birle\u015fik Krall\u0131k GDPR<\/a>) ve web sitemizin m\u00fc\u015fterilerinden veya ziyaret\u00e7ilerinden al\u0131nan t\u00fcm verilerle ilgilenirken Genel Veri Koruma Y\u00f6netmeli\u011fi (GDPR).<\/p>\n\n\n\n<p><strong>2. Hizmetlerimiz<\/strong><\/p>\n\n\n\n<p>Yaln\u0131zca web sitemizde sa\u011flanan hizmetleri sunmak i\u00e7in gerekli verileri tutuyoruz. Size uygun bir hizmet sunmak i\u00e7in gerekenden daha fazla veri istemiyoruz veya kullanm\u0131yoruz. Bu, Genel Veri Koruma Y\u00f6netmeli\u011fi&#039;nin (GDPR) 6(1)(b) Maddesine uygun olarak yaln\u0131zca sat\u0131n alma i\u015flemleriyle ilgili verileri ve bu sat\u0131n almalarla ilgili m\u00fcteakip deste\u011fi i\u015fledi\u011fimiz ve saklad\u0131\u011f\u0131m\u0131z anlam\u0131na gelir. Verilerinizin herhangi bir \u015fekilde i\u015flenmesi yaln\u0131zca sat\u0131n ald\u0131\u011f\u0131n\u0131z hizmet veya \u00fcr\u00fcnleri sa\u011flamak veya ger\u00e7ekle\u015ftirmek i\u00e7in yap\u0131l\u0131r.<\/p>\n\n\n\n<p><strong>3. Veri Koruma Kayd\u0131<\/strong><\/p>\n\n\n\n<p>Veriler yaln\u0131zca Veri Koruma Kayd\u0131na giri\u015fimizde a\u00e7\u0131klanan ama\u00e7lar i\u00e7in kullan\u0131l\u0131r.<\/p>\n\n\n\n<p><strong>4. Gerekli S\u00fcre<\/strong><\/p>\n\n\n\n<p>Ki\u015fisel verileri yaln\u0131zca gerekli oldu\u011fu s\u00fcrece sakl\u0131yoruz. Verilere art\u0131k ihtiya\u00e7 duyulmad\u0131\u011f\u0131nda onu sileriz.<\/p>\n\n\n\n<p><strong>5. Kart ve \u00d6deme \u0130\u015fleme Verileri<\/strong><\/p>\n\n\n\n<p>\u00d6zellikle sayg\u0131n \u00fc\u00e7\u00fcnc\u00fc taraf \u00f6deme sa\u011flay\u0131c\u0131lar\u0131n\u0131 kullan\u0131yoruz <a href=\"https:\/\/support.stripe.com\/questions\/business-information-requirements-to-use-stripe?locale=en-GB#:~:text=Stripe%20must%20verify%20business%20identification,regulators%20in%20order%20to%20transact.\">\u015eerit<\/a> ve PayPal, kart ve \u00f6deme verilerini g\u00fcvenli bir \u015fekilde y\u00f6netmek ve i\u015flemek i\u00e7in. Hi\u00e7bir noktada kart\u0131n\u0131za veya \u00f6deme ayr\u0131nt\u0131lar\u0131n\u0131za eri\u015femez veya bunlar\u0131 saklayamay\u0131z. Genel Veri Koruma Y\u00f6netmeli\u011fi&#039;nin (GDPR) 6(1)(b) Maddesi h\u00fck\u00fcmleri uyar\u0131nca, i\u015fledi\u011fimiz t\u00fcm veriler yaln\u0131zca sat\u0131n alma i\u015fleminizi g\u00fcvenli bir \u015fekilde ger\u00e7ekle\u015ftirmek amac\u0131yla kullan\u0131l\u0131r. Ayr\u0131ca, Genel Veri Koruma Y\u00f6netmeli\u011fi&#039;nin (GDPR) 6(1)(c) Maddesi uyar\u0131nca, her i\u015flemde vergi ve KDV muhasebesine ili\u015fkin yasal sorumluluklar\u0131m\u0131z\u0131 yerine getirmek amac\u0131yla t\u00fcm i\u015flemlerle ilgili verileri saklamakla y\u00fck\u00fcml\u00fcy\u00fcz.<\/p>\n\n\n\n<p><strong>6. Yedekleme ve Veri Depolama<\/strong><\/p>\n\n\n\n<p>\u0130dari nedenlerden dolay\u0131, m\u00fc\u015fteri verileri ve e-posta aboneli\u011fi verileri Birle\u015fik Krall\u0131k veya AEA (Avrupa Ekonomik Alan\u0131) d\u0131\u015f\u0131nda bulunan \u00fc\u00e7\u00fcnc\u00fc taraf hizmet sa\u011flay\u0131c\u0131lara iletilebilir ve buralarda g\u00fcvenli bir \u015fekilde saklanabilir. Bu, size hizmet sunmaya devam etmek i\u00e7in ihtiya\u00e7 duyulan yerlerde verilerinizi yedeklemek ve korumak i\u00e7in yap\u0131l\u0131r.<\/p>\n\n\n\n<p><strong>7. Veri Talepleri ve Silme Hakk\u0131<\/strong><\/p>\n\n\n\n<p>Bir m\u00fc\u015fteri olarak, sizinle ilgili tuttu\u011fumuz verilerin ayr\u0131nt\u0131lar\u0131n\u0131 istedi\u011finiz zaman (ve \u00fccretsiz olarak) talep edebilirsiniz - ayr\u0131ca bu t\u00fcr verilerin de\u011fi\u015ftirilmesini veya silinmesini de talep edebilirsiniz - silme hakk\u0131 (unutulma hakk\u0131) . Verilerinizin silinmesini talep etmeniz durumunda, bunun \u00f6nceki sat\u0131n al\u0131mlar\u0131n\u0131z veya size sunulan \u00f6nceki hizmetlerle ilgili daha fazla destek sunmam\u0131z\u0131 engelleyebilece\u011fini l\u00fctfen unutmay\u0131n.<\/p>\n\n\n\n<p><strong>8. E-posta G\u00fcncellemeleri<\/strong><\/p>\n\n\n\n<p>E-posta hizmetimize \u00f6zel olarak abone olan m\u00fc\u015fterilerimize web sitesi haberlerini ve bilgi g\u00fcncellemelerini d\u00fczenli olarak e-postayla g\u00f6nderiyoruz. Taraf\u0131m\u0131zca g\u00f6nderilen t\u00fcm abonelik e-postalar\u0131, e-posta hizmetimizden nas\u0131l \u00e7\u0131k\u0131laca\u011f\u0131na dair net bilgiler i\u00e7erir. E-posta hizmetimiz yaln\u0131zca iste\u011fe ba\u011fl\u0131 bir hizmettir; Genel Veri Koruma Y\u00f6netmeli\u011fi&#039;nin (GDPR) 6(1)(a) maddesi uyar\u0131nca \u00f6nceden izninizin al\u0131nmas\u0131 gerekmektedir. Bu, abone olmak i\u00e7in bilgilerinizi e-posta abonelik sayfas\u0131na girmeniz ve bize g\u00f6ndermeniz gerekti\u011fi anlam\u0131na gelir.<\/p>\n\n\n\n<p><strong>9. S\u00f6z\u00fcm\u00fcz<\/strong><\/p>\n\n\n\n<p>Asla kira veya takas posta listesi satm\u0131yoruz.<\/p>\n\n\n\n<p><strong>10. Ortaklarla Veri Payla\u015f\u0131m\u0131<\/strong><\/p>\n\n\n\n<p>\u00d6zellikle \u00f6nceden onay\u0131n\u0131z\u0131 talep etmedi\u011fimiz ve almad\u0131\u011f\u0131m\u0131z s\u00fcrece ticari veya teknik verileri ortaklar\u0131m\u0131zla payla\u015fmay\u0131z. B\u00f6yle bir onay talep etti\u011fimizde, ortaklar\u0131m\u0131z\u0131n ayr\u0131nt\u0131lar\u0131n\u0131 ve verilerinizin nas\u0131l kullan\u0131ld\u0131\u011f\u0131n\u0131 her zaman tam olarak a\u00e7\u0131klayaca\u011f\u0131z; daha fazla ayr\u0131nt\u0131 i\u00e7in l\u00fctfen bu politikan\u0131n \u00c7izelgesine bak\u0131n. L\u00fctfen, \u00f6zel onay\u0131n\u0131z\u0131 alsak bile, verileri yaln\u0131zca kendi gizlilik politikalar\u0131n\u0131 y\u00fcr\u00fcrl\u00fckteki yasalara tam uygun \u015fekilde uygulayan ortaklarla payla\u015ft\u0131\u011f\u0131m\u0131z\u0131 unutmay\u0131n. <a href=\"https:\/\/www.gov.uk\/data-protection#:~:text=The%20Data%20Protection%20Act%202018%20is%20the%20UK's%20implementation%20of,used%20fairly%2C%20lawfully%20and%20transparently\">Veri Koruma Yasas\u0131 2018 (Birle\u015fik Krall\u0131k GDPR)<\/a> ve Genel Veri Koruma Y\u00f6netmeli\u011fi (GDPR).<\/p>\n\n\n\n<p><strong>11. Spam<\/strong><\/p>\n\n\n\n<p>Uyar\u0131nca <a href=\"https:\/\/www.legislation.gov.uk\/uksi\/2003\/2426\/contents\/made\">Gizlilik ve Elektronik \u0130leti\u015fim (EC Direktifi) D\u00fczenlemeleri 2003<\/a>, e-posta adreslerine hi\u00e7bir zaman toplu istenmeyen e-postalar (genelde Spam olarak bilinir) g\u00f6ndermeyiz.<\/p>\n\n\n\n<p><strong>12.<\/strong> <strong>\u00dcr\u00fcn G\u00fcncellemeleri<\/strong><\/p>\n\n\n\n<p>Do\u011frudan taraf\u0131m\u0131zdan sa\u011flanan \u00fcr\u00fcn veya hizmetlerle ilgili bilgi alan veya bize kay\u0131t olan mevcut m\u00fc\u015fterilerimize veya potansiyel m\u00fc\u015fterilerimize e-posta g\u00f6nderebiliriz.<\/p>\n\n\n\n<p><strong>13. E-posta \u0130\u00e7eri\u011fi<\/strong><\/p>\n\n\n\n<p>Taraf\u0131m\u0131zca g\u00f6nderilen t\u00fcm e-postalar\u0131n bizden geldi\u011fi a\u00e7\u0131k\u00e7a i\u015faretlenecektir. Bu t\u00fcr e-postalar\u0131n t\u00fcm\u00fc, e-posta hizmetimizden nas\u0131l ayr\u0131laca\u011f\u0131n\u0131za ve gelecekteki e-postalara ili\u015fkin a\u00e7\u0131k talimatlar da i\u00e7erecektir. Bu t\u00fcr talimatlar ya aboneli\u011finizi iptal etmek i\u00e7in bir sayfaya bir ba\u011flant\u0131 ya da e-posta konu ba\u015fl\u0131\u011f\u0131 &quot;abonelikten \u00e7\u0131kma&quot; olacak \u015fekilde yan\u0131tlaman\u0131z gereken ge\u00e7erli bir e-posta adresini i\u00e7erecektir.<\/p>\n\n\n\n<p><strong>14. \u00c7erezler<\/strong><\/p>\n\n\n\n<p>Web sitemiz, kullan\u0131m\u0131 izlemek ve m\u00fc\u015fterilerin web sitemizden al\u0131\u015fveri\u015f yapmas\u0131na olanak sa\u011flamak i\u00e7in &quot;tan\u0131mlama bilgileri&quot; kullan\u0131r. Bu \u00e7erezlerin, web sitemizden al\u0131\u015fveri\u015f yapan bireysel ziyaret\u00e7ileri veya m\u00fc\u015fterileri tan\u0131mlamak i\u00e7in kullan\u0131labilecek herhangi bir ki\u015fisel, gizli veya finansal bilgi veya ba\u015fka herhangi bir bilgi i\u00e7ermedi\u011fini veya aktarmad\u0131\u011f\u0131n\u0131 l\u00fctfen unutmay\u0131n. \u00c7erezleri reddetmekte \u00f6zg\u00fcr oldu\u011funuzu l\u00fctfen unutmay\u0131n. Ancak tamamen teknik nedenlerden dolay\u0131 bu durum web sitemizden al\u0131\u015fveri\u015f yapman\u0131z\u0131 engelleyebilir. Bunun nedeni, \u00f6deme i\u015flemi s\u0131ras\u0131nda m\u00fc\u015fterilerin al\u0131\u015fveri\u015f sepetlerinin veya al\u0131\u015fveri\u015f arabalar\u0131n\u0131n i\u00e7eri\u011fini takip etmek i\u00e7in anonim \u00e7erezlerin yayg\u0131n olarak kullan\u0131lmas\u0131d\u0131r. Bu \u00f6zellik, \u00f6demeye gitti\u011finizde sepetinize eklenen (veya sepetten \u00e7\u0131kar\u0131lan) \u00fcr\u00fcnlerin do\u011fru \u015fekilde belirtilmesini sa\u011flar.<\/p>\n\n\n\n<p><strong>15. Bize Ula\u015f\u0131n<\/strong><\/p>\n\n\n\n<p>Gizlilik Politikam\u0131zla ilgili herhangi bir sorunuz varsa veya sizinle ilgili tuttu\u011fumuz verilerle ilgili olarak bizimle ileti\u015fime ge\u00e7mek istiyorsan\u0131z, l\u00fctfen bize [privacy@myleveltest.com] adresinden e-posta g\u00f6nderin.<\/p>","protected":false},"excerpt":{"rendered":"<p>1. Data Protection We comply with the principles of the Data Protection Act 2018 (UK GDPR) and the General Data Protection Regulation (GDPR) when dealing with all data received from customers or visitors to our website. 2. Our Services We only hold the data necessary to offer services provided on our website. We do not [&hellip;]<\/p>","protected":false},"author":1,"featured_media":0,"parent":0,"menu_order":0,"comment_status":"closed","ping_status":"closed","template":"","meta":{"footnotes":""},"acf":[],"yoast_head":"<!-- This site is optimized with the Yoast SEO Premium plugin v21.5 (Yoast SEO v21.5) - https:\/\/yoast.com\/wordpress\/plugins\/seo\/ -->\n<title>Privacy Policy | My Level Test<\/title>\n<meta name=\"description\" content=\"We protect your privacy while exploring our services\" \/>\n<meta name=\"robots\" content=\"index, follow, max-snippet:-1, max-image-preview:large, max-video-preview:-1\" \/>\n<link rel=\"canonical\" href=\"http:\/\/sandbox.myleveltest.com\/tr\/gizlilik-politikasi\/\" \/>\n<meta property=\"og:locale\" content=\"tr_TR\" \/>\n<meta property=\"og:type\" content=\"article\" \/>\n<meta property=\"og:title\" content=\"Privacy Policy\" \/>\n<meta property=\"og:description\" content=\"We protect your privacy while exploring our services\" \/>\n<meta property=\"og:url\" content=\"http:\/\/sandbox.myleveltest.com\/tr\/gizlilik-politikasi\/\" \/>\n<meta property=\"og:site_name\" content=\"My Level Test\" \/>\n<meta property=\"article:modified_time\" content=\"2023-10-19T09:28:43+00:00\" \/>\n<meta property=\"og:image\" content=\"https:\/\/sandbox.myleveltest.com\/wp-content\/uploads\/2023\/10\/My-Level-Test-scaled.jpg\" \/>\n\t<meta property=\"og:image:width\" content=\"2560\" \/>\n\t<meta property=\"og:image:height\" content=\"1440\" \/>\n\t<meta property=\"og:image:type\" content=\"image\/jpeg\" \/>\n<meta name=\"twitter:card\" content=\"summary_large_image\" \/>\n<script type=\"application\/ld+json\" class=\"yoast-schema-graph\">{\"@context\":\"https:\/\/schema.org\",\"@graph\":[{\"@type\":\"WebPage\",\"@id\":\"https:\/\/sandbox.myleveltest.com\/privacy-policy\/\",\"url\":\"https:\/\/sandbox.myleveltest.com\/privacy-policy\/\",\"name\":\"Privacy Policy | My Level Test\",\"isPartOf\":{\"@id\":\"https:\/\/sandbox.myleveltest.com\/#website\"},\"datePublished\":\"2023-09-13T06:10:19+00:00\",\"dateModified\":\"2023-10-19T09:28:43+00:00\",\"description\":\"We protect your privacy while exploring our services\",\"breadcrumb\":{\"@id\":\"https:\/\/sandbox.myleveltest.com\/privacy-policy\/#breadcrumb\"},\"inLanguage\":\"tr\",\"potentialAction\":[{\"@type\":\"ReadAction\",\"target\":[\"https:\/\/sandbox.myleveltest.com\/privacy-policy\/\"]}]},{\"@type\":\"BreadcrumbList\",\"@id\":\"https:\/\/sandbox.myleveltest.com\/privacy-policy\/#breadcrumb\",\"itemListElement\":[{\"@type\":\"ListItem\",\"position\":1,\"name\":\"Home\",\"item\":\"https:\/\/sandbox.myleveltest.com\/\"},{\"@type\":\"ListItem\",\"position\":2,\"name\":\"Privacy Policy\"}]},{\"@type\":\"WebSite\",\"@id\":\"https:\/\/sandbox.myleveltest.com\/#website\",\"url\":\"https:\/\/sandbox.myleveltest.com\/\",\"name\":\"My Level Test\",\"description\":\"Online English Language Level Test\",\"publisher\":{\"@id\":\"https:\/\/sandbox.myleveltest.com\/#organization\"},\"alternateName\":\"MLT\",\"potentialAction\":[{\"@type\":\"SearchAction\",\"target\":{\"@type\":\"EntryPoint\",\"urlTemplate\":\"https:\/\/sandbox.myleveltest.com\/?s={search_term_string}\"},\"query-input\":\"required name=search_term_string\"}],\"inLanguage\":\"tr\"},{\"@type\":\"Organization\",\"@id\":\"https:\/\/sandbox.myleveltest.com\/#organization\",\"name\":\"My Level Test\",\"alternateName\":\"MLT\",\"url\":\"https:\/\/sandbox.myleveltest.com\/\",\"logo\":{\"@type\":\"ImageObject\",\"inLanguage\":\"tr\",\"@id\":\"https:\/\/sandbox.myleveltest.com\/#\/schema\/logo\/image\/\",\"url\":\"https:\/\/myleveltest.com\/wp-content\/uploads\/2023\/10\/My-Level-Test-scaled.jpg\",\"contentUrl\":\"https:\/\/myleveltest.com\/wp-content\/uploads\/2023\/10\/My-Level-Test-scaled.jpg\",\"width\":2560,\"height\":1440,\"caption\":\"My Level Test\"},\"image\":{\"@id\":\"https:\/\/sandbox.myleveltest.com\/#\/schema\/logo\/image\/\"},\"actionableFeedbackPolicy\":\"https:\/\/sandbox.myleveltest.com\/terms-of-use\/\",\"correctionsPolicy\":\"https:\/\/sandbox.myleveltest.com\/terms-of-use\/\",\"ethicsPolicy\":\"https:\/\/sandbox.myleveltest.com\/privacy-policy\/\",\"diversityPolicy\":\"https:\/\/sandbox.myleveltest.com\/terms-of-use\/\"}]}<\/script>\n<!-- \/ Yoast SEO Premium plugin. -->","yoast_head_json":{"title":"Privacy Policy | My Level Test","description":"We protect your privacy while exploring our services","robots":{"index":"index","follow":"follow","max-snippet":"max-snippet:-1","max-image-preview":"max-image-preview:large","max-video-preview":"max-video-preview:-1"},"canonical":"http:\/\/sandbox.myleveltest.com\/tr\/gizlilik-politikasi\/","og_locale":"tr_TR","og_type":"article","og_title":"Privacy Policy","og_description":"We protect your privacy while exploring our services","og_url":"http:\/\/sandbox.myleveltest.com\/tr\/gizlilik-politikasi\/","og_site_name":"My Level Test","article_modified_time":"2023-10-19T09:28:43+00:00","og_image":[{"width":2560,"height":1440,"url":"https:\/\/sandbox.myleveltest.com\/wp-content\/uploads\/2023\/10\/My-Level-Test-scaled.jpg","type":"image\/jpeg"}],"twitter_card":"summary_large_image","schema":{"@context":"https:\/\/schema.org","@graph":[{"@type":"WebPage","@id":"https:\/\/sandbox.myleveltest.com\/privacy-policy\/","url":"https:\/\/sandbox.myleveltest.com\/privacy-policy\/","name":"Privacy Policy | My Level Test","isPartOf":{"@id":"https:\/\/sandbox.myleveltest.com\/#website"},"datePublished":"2023-09-13T06:10:19+00:00","dateModified":"2023-10-19T09:28:43+00:00","description":"We protect your privacy while exploring our services","breadcrumb":{"@id":"https:\/\/sandbox.myleveltest.com\/privacy-policy\/#breadcrumb"},"inLanguage":"tr","potentialAction":[{"@type":"ReadAction","target":["https:\/\/sandbox.myleveltest.com\/privacy-policy\/"]}]},{"@type":"BreadcrumbList","@id":"https:\/\/sandbox.myleveltest.com\/privacy-policy\/#breadcrumb","itemListElement":[{"@type":"ListItem","position":1,"name":"Home","item":"https:\/\/sandbox.myleveltest.com\/"},{"@type":"ListItem","position":2,"name":"Privacy Policy"}]},{"@type":"WebSite","@id":"https:\/\/sandbox.myleveltest.com\/#website","url":"https:\/\/sandbox.myleveltest.com\/","name":"My Level Test","description":"Online English Language Level Test","publisher":{"@id":"https:\/\/sandbox.myleveltest.com\/#organization"},"alternateName":"MLT","potentialAction":[{"@type":"SearchAction","target":{"@type":"EntryPoint","urlTemplate":"https:\/\/sandbox.myleveltest.com\/?s={search_term_string}"},"query-input":"required name=search_term_string"}],"inLanguage":"tr"},{"@type":"Organization","@id":"https:\/\/sandbox.myleveltest.com\/#organization","name":"My Level Test","alternateName":"MLT","url":"https:\/\/sandbox.myleveltest.com\/","logo":{"@type":"ImageObject","inLanguage":"tr","@id":"https:\/\/sandbox.myleveltest.com\/#\/schema\/logo\/image\/","url":"https:\/\/myleveltest.com\/wp-content\/uploads\/2023\/10\/My-Level-Test-scaled.jpg","contentUrl":"https:\/\/myleveltest.com\/wp-content\/uploads\/2023\/10\/My-Level-Test-scaled.jpg","width":2560,"height":1440,"caption":"My Level Test"},"image":{"@id":"https:\/\/sandbox.myleveltest.com\/#\/schema\/logo\/image\/"},"actionableFeedbackPolicy":"https:\/\/sandbox.myleveltest.com\/terms-of-use\/","correctionsPolicy":"https:\/\/sandbox.myleveltest.com\/terms-of-use\/","ethicsPolicy":"https:\/\/sandbox.myleveltest.com\/privacy-policy\/","diversityPolicy":"https:\/\/sandbox.myleveltest.com\/terms-of-use\/"}]}},"_links":{"self":[{"href":"http:\/\/sandbox.myleveltest.com\/tr\/wp-json\/wp\/v2\/pages\/85"}],"collection":[{"href":"http:\/\/sandbox.myleveltest.com\/tr\/wp-json\/wp\/v2\/pages"}],"about":[{"href":"http:\/\/sandbox.myleveltest.com\/tr\/wp-json\/wp\/v2\/types\/page"}],"author":[{"embeddable":true,"href":"http:\/\/sandbox.myleveltest.com\/tr\/wp-json\/wp\/v2\/users\/1"}],"replies":[{"embeddable":true,"href":"http:\/\/sandbox.myleveltest.com\/tr\/wp-json\/wp\/v2\/comments?post=85"}],"version-history":[{"count":3,"href":"http:\/\/sandbox.myleveltest.com\/tr\/wp-json\/wp\/v2\/pages\/85\/revisions"}],"predecessor-version":[{"id":432,"href":"http:\/\/sandbox.myleveltest.com\/tr\/wp-json\/wp\/v2\/pages\/85\/revisions\/432"}],"wp:attachment":[{"href":"http:\/\/sandbox.myleveltest.com\/tr\/wp-json\/wp\/v2\/media?parent=85"}],"curies":[{"name":"wp","href":"https:\/\/api.w.org\/{rel}","templated":true}]}}